{"id":8178,"date":"2018-05-17T13:03:40","date_gmt":"2018-05-17T11:03:40","guid":{"rendered":"https:\/\/www.bme-bergmann.de\/impressum\/"},"modified":"2018-05-17T13:03:40","modified_gmt":"2018-05-17T11:03:40","slug":"impressum","status":"publish","type":"page","link":"https:\/\/www.bme-bergmann.de\/de\/impressum\/","title":{"rendered":"Impressum"},"content":{"rendered":"<h3>Informationen nach \u00a7 5 Telemediengesetz (TMG)<\/h3>\n<p>Bergmann Messger\u00e4te Entwicklung KG<br \/>\nKocheler Stra\u00dfe 101<br \/>\n82418 Murnau<\/p>\n<h3>Vertreten durch:<\/h3>\n<p>Dr. Thorald Bergmann<br \/>\nKocheler Stra\u00dfe 101<br \/>\n82418 Murnau<\/p>\n<h3>Kontakt<\/h3>\n<p>Telefon: +49 (8841) 487769-1<br \/>\nTelefax: +49 (0)8841\/487769-9<br \/>\nEmail: tbergmann@bme-bergmann.de<\/p>\n<h3>Registereintrag<\/h3>\n<p>Eintrag im Handelsregister.<br \/>\nRegistergericht: Amtsgericht M\u00fcnchen<br \/>\nRegistrierungsnummer: HRA 111775<\/p>\n<h3>VAT<\/h3>\n<p>Umsatzsteuer-Identifikationsnummer gem\u00e4\u00df \u00a7 27 a Umsatzsteuergesetz (UStG):<br \/>\nDE 328 421 092<\/p>\n<h3>Beilegung von Streitigkeiten<\/h3>\n<p>Die Europ\u00e4ische Kommission stellt eine Plattform f\u00fcr die Online-Streitbeilegung (OS) zur Verf\u00fcgung: <a href=\"https:\/\/ec.europa.eu\/consumers\/odr\" target=\"_blank\" rel=\"noopener\">https:\/\/ec.europa.eu\/consumers\/odr<\/a>.<br \/>\nUnsere E-Mail finden Sie im Impressum.<\/p>\n<p>Wir nehmen nicht an Online-Streitbeilegungsverfahren vor Verbraucherschlichtungsstellen teil.<\/p>\n<h3>Haftung f\u00fcr Inhalte<\/h3>\n<p>Als Diensteanbieter sind wir gem\u00e4\u00df \u00a7 7 Abs.1 TMG f\u00fcr eigene Inhalte auf diesen Seiten nach den allgemeinen Gesetzen verantwortlich. Nach \u00a7\u00a7 8 bis 10 TMG sind wir als Diensteanbieter jedoch nicht verpflichtet, \u00fcbermittelte oder gespeicherte fremde Informationen zu \u00fcberwachen oder nach Umst\u00e4nden zu forschen, die auf eine rechtswidrige T\u00e4tigkeit hinweisen.<\/p>\n<p>Gesetzliche Verpflichtungen zur Entfernung von Informationen oder zur Sperrung der Nutzung von Informationen bleiben unangefochten. In diesem Fall ist eine Haftung erst ab dem Zeitpunkt der Kenntnis einer konkreten Rechtsverletzung m\u00f6glich. Bei Bekanntwerden von Rechtsverletzungen werden wir diese Inhalte umgehend entfernen.<\/p>\n<h3>Haftung f\u00fcr Links<\/h3>\n<p>Unser Angebot enth\u00e4lt Links zu externen Webseiten Dritter. Auf die Inhalte dieser Websites haben wir keinen Einfluss, daher k\u00f6nnen wir f\u00fcr diese Inhalte auch keine Gew\u00e4hr \u00fcbernehmen. F\u00fcr die Inhalte der verlinkten Seiten ist stets der jeweilige Anbieter oder Betreiber der Seiten verantwortlich.<\/p>\n<p>Die verlinkten Seiten wurden zum Zeitpunkt der Verlinkung auf m\u00f6gliche Rechtsverst\u00f6\u00dfe \u00fcberpr\u00fcft. Rechtswidrige Inhalte waren zum Zeitpunkt der Verlinkung nicht erkennbar. Eine permanente inhaltliche Kontrolle der verlinkten Seiten ist jedoch ohne konkrete Anhaltspunkte einer Rechtsverletzung nicht zumutbar. Rechtswidrige Links werden bei Bekanntwerden sofort entfernt.<\/p>\n<h3>Copyright<\/h3>\n<p>Die durch die Seitenbetreiber erstellten Inhalte und Werke auf diesen Seiten unterliegen dem deutschen Urheberrecht. Die Vervielf\u00e4ltigung, Bearbeitung, Verbreitung und jede Art der Verwertung au\u00dferhalb der Grenzen des Urheberrechtes bed\u00fcrfen der schriftlichen Zustimmung des jeweiligen Autors bzw. Erstellers. Downloads und Kopien dieser Seite sind nur f\u00fcr den privaten Gebrauch gestattet.<br \/>\nDie kommerzielle Nutzung unserer Inhalte ohne Genehmigung des Urhebers ist untersagt.<\/p>\n<p>Die Urheberrechte Dritter werden beachtet, soweit die Inhalte auf diesen Seiten nicht vom Anbieter selbst stammen. Beitr\u00e4ge Dritter sind auf dieser Website als solche gekennzeichnet. Sollten Sie dennoch Verst\u00f6\u00dfe gegen das Urheberrecht feststellen, informieren Sie uns bitte. Derartige Inhalte werden unverz\u00fcglich entfernt.<\/p>\n","protected":false},"excerpt":{"rendered":"<p>Informationen nach \u00a7 5 Telemediengesetz (TMG) Bergmann Messger\u00e4te Entwicklung KG Kocheler Stra\u00dfe 101 82418 Murnau Vertreten durch: Dr. Thorald Bergmann Kocheler Stra\u00dfe 101 82418 Murnau Kontakt Telefon: +49 (8841) 487769-1 Telefax: +49 (0)8841\/487769-9 Email: tbergmann@bme-bergmann.de Registereintrag Eintrag im Handelsregister. Registergericht: Amtsgericht M\u00fcnchen Registrierungsnummer: HRA 111775 VAT Umsatzsteuer-Identifikationsnummer gem\u00e4\u00df \u00a7 27 a Umsatzsteuergesetz (UStG): DE 328 [&hellip;]<\/p>\n","protected":false},"author":1,"featured_media":0,"parent":0,"menu_order":0,"comment_status":"closed","ping_status":"closed","template":"","meta":{"footnotes":""},"class_list":["post-8178","page","type-page","status-publish","hentry"],"aioseo_notices":[],"_links":{"self":[{"href":"https:\/\/www.bme-bergmann.de\/de\/wp-json\/wp\/v2\/pages\/8178","targetHints":{"allow":["GET"]}}],"collection":[{"href":"https:\/\/www.bme-bergmann.de\/de\/wp-json\/wp\/v2\/pages"}],"about":[{"href":"https:\/\/www.bme-bergmann.de\/de\/wp-json\/wp\/v2\/types\/page"}],"author":[{"embeddable":true,"href":"https:\/\/www.bme-bergmann.de\/de\/wp-json\/wp\/v2\/users\/1"}],"replies":[{"embeddable":true,"href":"https:\/\/www.bme-bergmann.de\/de\/wp-json\/wp\/v2\/comments?post=8178"}],"version-history":[{"count":0,"href":"https:\/\/www.bme-bergmann.de\/de\/wp-json\/wp\/v2\/pages\/8178\/revisions"}],"wp:attachment":[{"href":"https:\/\/www.bme-bergmann.de\/de\/wp-json\/wp\/v2\/media?parent=8178"}],"curies":[{"name":"wp","href":"https:\/\/api.w.org\/{rel}","templated":true}]}}