{"id":8182,"date":"2018-05-17T13:03:51","date_gmt":"2018-05-17T11:03:51","guid":{"rendered":"https:\/\/www.bme-bergmann.de\/datenschutzbestimmungen\/"},"modified":"2018-05-17T13:03:51","modified_gmt":"2018-05-17T11:03:51","slug":"datenschutzbestimmungen","status":"publish","type":"page","link":"https:\/\/www.bme-bergmann.de\/de\/datenschutzbestimmungen\/","title":{"rendered":"Datenschutzbestimmungen"},"content":{"rendered":"<p><strong>1. Ein \u00dcberblick \u00fcber den Datenschutz<\/strong><br \/>\n<strong>Generelle Informationen<\/strong><br \/>\nDie folgenden Informationen geben Ihnen einen leicht verst\u00e4ndlichen \u00dcberblick dar\u00fcber, was mit Ihren pers\u00f6nlichen Daten geschieht, wenn Sie unsere Website besuchen. Der Begriff &#8220;personenbezogene Daten&#8221; umfasst alle Daten, die dazu genutzt werden k\u00f6nnen, Sie pers\u00f6nlich zu identifizieren. Ausf\u00fchrliche Informationen zum Thema Datenschutz finden Sie in unserer Datenschutzerkl\u00e4rung, die wir diesem Exemplar beigef\u00fcgt haben.<br \/>\n<strong>Datenerfassung auf unserer Website<\/strong><br \/>\n<strong>Wer ist der Verantwortliche f\u00fcr die Erfassung von Daten auf dieser Website (d.h. der &#8220;f\u00fcr die Verarbeitung Verantwortliche&#8221;)?<\/strong><\/p>\n<p>Die Daten auf dieser Website werden vom Betreiber der Website verarbeitet, dessen Kontaktinformationen im Abschnitt &#8220;Gesetzlich vorgeschriebene Informationen&#8221; auf dieser Website zu finden sind.<\/p>\n<p><strong>Wie erfassen wir Ihre Daten?<\/strong><\/p>\n<p>Wir sammeln Ihre Daten, wenn Sie uns Ihre Daten zur Verf\u00fcgung stellen. Dies k\u00f6nnen z. B. Informationen sein, die Sie in unser Kontaktformular eingeben.<\/p>\n<p>Unsere IT-Systeme erfassen automatisch weitere Daten, wenn Sie unsere Website besuchen. Bei diesen Daten handelt es sich in erster Linie um technische Informationen (z. B. Webbrowser, Betriebssystem oder Zeitpunkt des Zugriffs auf die Website). Diese Informationen werden automatisch erfasst, wenn Sie auf unsere Website zugreifen.<\/p>\n<p><strong>F\u00fcr welche Zwecke verwenden wir Ihre Daten?<\/strong><\/p>\n<p>Ein Teil der Informationen wird generiert, um die fehlerfreie Bereitstellung der Website zu gew\u00e4hrleisten. Andere Daten k\u00f6nnen verwendet werden, um Ihr Nutzungsverhalten zu analysieren.<\/p>\n<p><strong>Welche Rechte haben Sie in Bezug auf Ihre Daten?<\/strong><\/p>\n<p>Sie haben das Recht, jederzeit Auskunft \u00fcber Herkunft, Empf\u00e4nger und Verwendungszweck Ihrer archivierten personenbezogenen Daten zu erhalten, ohne dass hierf\u00fcr eine Geb\u00fchr anf\u00e4llt. Sie haben auch das Recht, die Berichtigung, Sperrung oder L\u00f6schung Ihrer Daten zu verlangen. Bitte z\u00f6gern Sie nicht, uns jederzeit unter der im Abschnitt &#8220;Gesetzlich vorgeschriebene Informationen&#8221; auf dieser Website angegebenen Adresse zu kontaktieren, wenn Sie Fragen zu diesem oder einem anderen datenschutzrelevanten Thema haben. Sie haben auch das Recht, eine Beschwerde bei der zust\u00e4ndigen Aufsichtsbeh\u00f6rde einzureichen.<\/p>\n<p>Au\u00dferdem haben Sie unter bestimmten Umst\u00e4nden das Recht, die Einschr\u00e4nkung der Verarbeitung Ihrer personenbezogenen Daten zu verlangen. Einzelheiten dazu finden Sie in der Datenschutzerkl\u00e4rung im Abschnitt &#8220;Recht auf Einschr\u00e4nkung der Datenverarbeitung&#8221;.<br \/>\n<strong>2. Allgemeine Informationen und Pflichtangaben<\/strong><br \/>\n<strong>Datenschutz<\/strong><br \/>\nDie Betreiber dieser Website und ihrer Seiten nehmen den Schutz Ihrer pers\u00f6nlichen Daten sehr ernst. Wir behandeln Ihre personenbezogenen Daten daher vertraulich und entsprechend den gesetzlichen Datenschutzvorschriften sowie dieser Datenschutzerkl\u00e4rung.<\/p>\n<p>Wenn Sie diese Website nutzen, werden verschiedene personenbezogene Daten erhoben. Personenbezogene Daten sind Daten, mit denen Sie pers\u00f6nlich identifiziert werden k\u00f6nnen. In dieser Datenschutzerkl\u00e4rung wird erl\u00e4utert, welche Daten wir sammeln und zu welchen Zwecken wir diese Daten verwenden. Au\u00dferdem wird erl\u00e4utert, wie und zu welchem Zweck die Informationen gesammelt werden.<\/p>\n<p>Wir weisen Sie darauf hin, dass die Daten\u00fcbertragung im Internet (z.B. bei der Kommunikation per E-Mail) Sicherheitsl\u00fccken aufweisen kann. Es ist nicht m\u00f6glich, Daten vollst\u00e4ndig vor dem Zugriff Dritter zu sch\u00fctzen.<br \/>\n<strong>Informationen \u00fcber die verantwortliche Partei (in der DSGVO als &#8220;f\u00fcr die Verarbeitung Verantwortlicher&#8221; bezeichnet)<\/strong><br \/>\nDer f\u00fcr die Datenverarbeitung auf dieser Website Verantwortliche ist:<\/p>\n<p>Fedor Bergmann<br \/>\nKocheler Stra\u00dfe 101<br \/>\n82418 Murnau<\/p>\n<p>Telefon: +49 (8841) 487769-3<br \/>\nEmail: fbergmann@bme-bergmann.de<\/p>\n<p>Der f\u00fcr die Verarbeitung Verantwortliche ist die nat\u00fcrliche oder juristische Person, die allein oder gemeinsam mit anderen \u00fcber die Zwecke und Mittel der Verarbeitung personenbezogener Daten (z. B. Namen, E-Mail-Adressen usw.) entscheidet.<br \/>\n<strong>Widerruf der Einwilligung in die Datenverarbeitung<\/strong><br \/>\nEine Vielzahl von Datenverarbeitungsvorg\u00e4ngen ist nur mit Ihrer ausdr\u00fccklichen Zustimmung m\u00f6glich. Sie k\u00f6nnen auch eine bereits erteilte Einwilligung jederzeit widerrufen. Dazu m\u00fcssen Sie uns lediglich eine formlose Mitteilung per E-Mail zusenden. Die Rechtm\u00e4\u00dfigkeit der vor Ihrem Widerruf erfolgten Datenerhebung bleibt hiervon unber\u00fchrt.<br \/>\n<strong>Recht auf Widerspruch gegen die Datenerhebung in besonderen F\u00e4llen; Recht auf Widerspruch gegen Direktwerbung (Art. 21 GDPR)<\/strong><br \/>\n<strong>F\u00fcr den Fall, dass die Daten auf der Grundlage von Art. 6 Sect. 1 lit. e oder f DSGVO haben Sie das Recht, der Verarbeitung Ihrer personenbezogenen Daten aus Gr\u00fcnden, die sich aus Ihrer besonderen Situation ergeben, jederzeit zu widersprechen. Dies gilt auch f\u00fcr ein auf diese Bestimmungen gest\u00fctztes Profiling. Die Rechtsgrundlage, auf die sich die Datenverarbeitung st\u00fctzt, finden Sie in dieser Datenschutzerkl\u00e4rung. Legen Sie Widerspruch ein, werden wir die von Ihnen betroffenen personenbezogenen Daten nicht mehr verarbeiten, es sei denn, wir k\u00f6nnen zwingende schutzw\u00fcrdige Gr\u00fcnde f\u00fcr die Verarbeitung Ihrer Daten nachweisen, die Ihre Interessen, Rechte und Freiheiten \u00fcberwiegen, oder die Verarbeitung dient der Geltendmachung, Aus\u00fcbung oder Verteidigung von Rechtsanspr\u00fcchen (Widerspruch gem\u00e4\u00df Art. 21 Abs. 1 DSGVO). \u00dcbersetzt mit www.DeepL.com\/Translator (kostenlose Version)<\/strong><\/p>\n<p><strong>Werden Ihre personenbezogenen Daten verarbeitet, um Direktwerbung zu betreiben, so haben Sie das Recht, jederzeit Widerspruch gegen die Verarbeitung der Sie betreffenden personenbezogenen Daten zum Zwecke derartiger Werbung einzulegen. Dies gilt auch f\u00fcr das Profiling, soweit es mit solcher Direktwerbung in Verbindung steht. Wenn Sie widersprechen, werden Ihre personenbezogenen Daten anschlie\u00dfend nicht mehr f\u00fcr Zwecke der Direktwerbung genutzt (Widerspruch gem\u00e4\u00df Art. 21 Abs. 2 DSGVO).<\/strong><br \/>\n<strong>Recht auf Einreichung einer Beschwerde bei der zust\u00e4ndigen Aufsichtsbeh\u00f6rde<\/strong><br \/>\nIm Falle von Verst\u00f6\u00dfen gegen die DSGVO haben die betroffenen Personen das Recht, eine Beschwerde bei einer Aufsichtsbeh\u00f6rde einzureichen, insbesondere in dem Mitgliedstaat, in dem sie gew\u00f6hnlich ihren Wohnsitz, ihren Arbeitsplatz oder den Ort haben, an dem der mutma\u00dfliche Versto\u00df stattgefunden hat. Das Recht, eine Beschwerde einzureichen, gilt unabh\u00e4ngig von allen anderen Verwaltungs- oder Gerichtsverfahren, die als Rechtsmittel zur Verf\u00fcgung stehen.<br \/>\n<strong>Recht auf Daten\u00fcbertragbarkeit<\/strong><br \/>\nSie haben das Recht zu verlangen, dass wir Ihnen oder einem Dritten alle Daten, die wir aufgrund Ihrer Einwilligung oder zur Erf\u00fcllung eines Vertrages automatisiert verarbeiten, in einem g\u00e4ngigen, maschinenlesbaren Format aush\u00e4ndigen. Sollten Sie die direkte \u00dcbermittlung der Daten an einen anderen f\u00fcr die Verarbeitung Verantwortlichen verlangen, so erfolgt dies nur, wenn es technisch machbar ist.<br \/>\n<strong>Auskunft \u00fcber, Sperrung, Berichtigung und L\u00f6schung von Daten<\/strong><br \/>\nSie haben im Rahmen der geltenden gesetzlichen Bestimmungen jederzeit das Recht, Auskunft \u00fcber die zu Ihrer Person gespeicherten Daten, deren Herkunft und Empf\u00e4nger sowie den Zweck der Verarbeitung Ihrer Daten zu verlangen. Sie k\u00f6nnen auch ein Recht auf Berichtigung, Sperrung oder L\u00f6schung Ihrer Daten haben. Wenn Sie Fragen zu diesem Thema oder andere Fragen zu personenbezogenen Daten haben, k\u00f6nnen Sie sich jederzeit an die im Abschnitt &#8220;Gesetzlich vorgeschriebene Informationen&#8221; angegebene Adresse wenden.<br \/>\n<strong>Recht auf Einschr\u00e4nkung der Verarbeitung<\/strong><br \/>\nSie haben das Recht, Einschr\u00e4nkungen bei der Verarbeitung Ihrer personenbezogenen Daten zu verlangen. Zu diesem Zweck k\u00f6nnen Sie uns jederzeit unter der im Abschnitt &#8220;Gesetzlich vorgeschriebene Informationen&#8221; angegebenen Adresse kontaktieren. Das Recht, die Einschr\u00e4nkung der Verarbeitung zu verlangen, gilt in den folgenden F\u00e4llen:<\/p>\n<ul>\n<li>Sollten Sie die Richtigkeit Ihrer bei uns archivierten Daten bestreiten, ben\u00f6tigen wir in der Regel einige Zeit, um diesen Anspruch zu pr\u00fcfen. Solange diese Untersuchung l\u00e4uft, haben Sie das Recht zu verlangen, dass wir die Verarbeitung Ihrer personenbezogenen Daten einschr\u00e4nken.<\/li>\n<li>Wenn die Verarbeitung Ihrer personenbezogenen Daten in unrechtm\u00e4\u00dfiger Weise erfolgte\/erfolgt, haben Sie die M\u00f6glichkeit, anstelle der L\u00f6schung dieser Daten die Einschr\u00e4nkung der Verarbeitung Ihrer Daten zu verlangen.<\/li>\n<li>Wenn wir Ihre personenbezogenen Daten nicht mehr ben\u00f6tigen und Sie diese zur Aus\u00fcbung, Verteidigung oder Geltendmachung von Rechtsanspr\u00fcchen ben\u00f6tigen, haben Sie das Recht, anstelle der L\u00f6schung die Einschr\u00e4nkung der Verarbeitung Ihrer personenbezogenen Daten zu verlangen.<\/li>\n<li>Wenn Sie einen Einspruch gem\u00e4\u00df Art. 21 Sect. 1 GDPR m\u00fcssen Ihre Rechte und unsere Rechte gegeneinander abgewogen werden. Solange noch nicht feststeht, wessen Interessen \u00fcberwiegen, haben Sie das Recht, eine Einschr\u00e4nkung der Verarbeitung Ihrer personenbezogenen Daten zu verlangen.<\/li>\n<\/ul>\n<p>Wenn Sie die Verarbeitung Ihrer personenbezogenen Daten eingeschr\u00e4nkt haben, d\u00fcrfen diese Daten &#8211; mit Ausnahme ihrer Archivierung &#8211; nur mit Ihrer Einwilligung oder zur Geltendmachung, Aus\u00fcbung oder Verteidigung von Rechtsanspr\u00fcchen oder zum Schutz der Rechte anderer nat\u00fcrlicher oder juristischer Personen oder aus wichtigen Gr\u00fcnden des \u00f6ffentlichen Interesses, die von der Europ\u00e4ischen Union oder einem Mitgliedstaat der EU angef\u00fchrt werden, verarbeitet werden. \u00dcbersetzt mit www.DeepL.com\/Translator (kostenlose Version)<br \/>\n<strong>3. Erfassung von Daten auf unserer Website<\/strong><br \/>\n<strong>Cookies<\/strong><br \/>\nIn einigen F\u00e4llen verwenden unsere Website und ihre Seiten so genannte Cookies. Cookies richten auf Ihrem Rechner keinen Schaden an und enthalten keine Viren. Cookies dienen dazu, unser Angebot nutzerfreundlicher, effektiver und sicherer zu machen. Cookies sind kleine Textdateien, die auf Ihrem Computer abgelegt werden und die Ihr Browser speichert.<\/p>\n<p>Die meisten der von uns verwendeten Cookies sind so genannte &#8220;Session-Cookies&#8221;. Sie werden automatisch gel\u00f6scht, wenn Sie unsere Website verlassen. Andere Cookies bleiben auf Ihrem Ger\u00e4t archiviert, bis Sie sie l\u00f6schen. Diese Cookies erm\u00f6glichen es uns, Ihren Browser zu erkennen, wenn Sie unsere Website das n\u00e4chste Mal besuchen.<\/p>\n<p>Sie k\u00f6nnen Ihren Browser so einstellen, dass Sie jedes Mal benachrichtigt werden, wenn Cookies gesetzt werden, und dass Sie Cookies nur in bestimmten F\u00e4llen akzeptieren oder die Annahme von Cookies f\u00fcr bestimmte Situationen oder generell ausschlie\u00dfen und das automatische L\u00f6schen von Cookies beim Schlie\u00dfen Ihres Browsers aktivieren k\u00f6nnen. Wenn Sie Cookies deaktivieren, k\u00f6nnen die Funktionen dieser Website eingeschr\u00e4nkt sein.<\/p>\n<p>Cookies, die zur Durchf\u00fchrung des elektronischen Kommunikationsvorgangs oder zur Bereitstellung bestimmter Funktionen, die Sie nutzen m\u00f6chten (z.B. die Warenkorbfunktion), erforderlich sind, werden auf Grundlage von Art. 6 Sect. 1 lit. f DSGVO. Der Websitebetreiber hat ein berechtigtes Interesse an der Speicherung von Cookies, um die technisch fehlerfreie und optimierte Bereitstellung der Dienste des Betreibers zu gew\u00e4hrleisten. Sollten andere Cookies (z.B. Cookies zur Analyse Ihres Surfverhaltens) gespeichert werden, so wird in dieser Datenschutzerkl\u00e4rung gesondert darauf eingegangen.<br \/>\n<strong>Server-Protokolldateien<\/strong><br \/>\nDer Provider dieser Website und ihrer Seiten erhebt und speichert automatisch Informationen in so genannten Server Log Files, die Ihr Browser automatisch an uns \u00fcbermittelt. Die Informationen umfassen:<\/p>\n<ul>\n<li>Typ und Version des verwendeten Browsers<\/li>\n<li>Das verwendete Betriebssystem<\/li>\n<li>Verweisende URL<\/li>\n<li>Der Hostname des zugreifenden Computers<\/li>\n<li>Die Uhrzeit der Serveranfrage<\/li>\n<li>Die IP-Adresse<\/li>\n<\/ul>\n<p>Eine Zusammenf\u00fchrung dieser Daten mit anderen Datenquellen wird nicht vorgenommen.<\/p>\n<p>Diese Daten werden auf der Grundlage von Art. 6 Sect. 1 lit. f DSGVO. Der Betreiber der Website hat ein berechtigtes Interesse an der technisch fehlerfreien Darstellung und an der Optimierung der Website des Betreibers. Um dies zu erreichen, m\u00fcssen Server-Logdateien aufgezeichnet werden.<br \/>\n<strong>4. Plug-ins und Tools<\/strong><br \/>\n<strong>Google Web-Schriftarten<\/strong><br \/>\nUm sicherzustellen, dass die auf dieser Website verwendeten Schriftarten einheitlich sind, verwendet diese Website so genannte Web Fonts, die von Google bereitgestellt werden. Wenn Sie auf eine Seite unserer Website zugreifen, l\u00e4dt Ihr Browser die erforderlichen Web-Schriftarten in Ihren Browser-Cache, um Text und Schriftarten korrekt anzuzeigen.<\/p>\n<p>Dazu muss der von Ihnen verwendete Browser eine Verbindung mit den Servern von Google herstellen. Dadurch erf\u00e4hrt Google, dass Ihre IP-Adresse f\u00fcr den Zugriff auf unsere Website verwendet wurde. Die Verwendung von Google Web Fonts beruht auf unserem Interesse an einer einheitlichen und ansprechenden Darstellung unserer Online-Inhalte. Gem\u00e4\u00df Art. 6 Sect. 1 lit. f DSGVO ist dies ein berechtigtes Interesse.<\/p>\n<p>Sollte Ihr Browser keine Web Fonts unterst\u00fctzen, wird eine auf Ihrem Computer installierte Standardschriftart verwendet.<\/p>\n<p>F\u00fcr weitere Informationen \u00fcber Google Web Fonts folgen Sie bitte diesem Link: <a href=\"https:\/\/developers.google.com\/fonts\/faq\" target=\"_blank\" rel=\"noopener\">https:\/\/developers.google.com\/fonts\/faq<\/a> und konsultieren Sie die Datenschutzerkl\u00e4rung von Google unter: <a href=\"https:\/\/policies.google.com\/privacy?hl=en\" target=\"_blank\" rel=\"noopener\">https:\/\/policies.google.com\/privacy?hl=en<\/a>.<\/p>\n","protected":false},"excerpt":{"rendered":"<p>1. Ein \u00dcberblick \u00fcber den Datenschutz Generelle Informationen Die folgenden Informationen geben Ihnen einen leicht verst\u00e4ndlichen \u00dcberblick dar\u00fcber, was mit Ihren pers\u00f6nlichen Daten geschieht, wenn Sie unsere Website besuchen. Der Begriff &#8220;personenbezogene Daten&#8221; umfasst alle Daten, die dazu genutzt werden k\u00f6nnen, Sie pers\u00f6nlich zu identifizieren. Ausf\u00fchrliche Informationen zum Thema Datenschutz finden Sie in unserer Datenschutzerkl\u00e4rung, [&hellip;]<\/p>\n","protected":false},"author":1,"featured_media":0,"parent":0,"menu_order":0,"comment_status":"closed","ping_status":"closed","template":"","meta":{"footnotes":""},"class_list":["post-8182","page","type-page","status-publish","hentry"],"aioseo_notices":[],"_links":{"self":[{"href":"https:\/\/www.bme-bergmann.de\/de\/wp-json\/wp\/v2\/pages\/8182","targetHints":{"allow":["GET"]}}],"collection":[{"href":"https:\/\/www.bme-bergmann.de\/de\/wp-json\/wp\/v2\/pages"}],"about":[{"href":"https:\/\/www.bme-bergmann.de\/de\/wp-json\/wp\/v2\/types\/page"}],"author":[{"embeddable":true,"href":"https:\/\/www.bme-bergmann.de\/de\/wp-json\/wp\/v2\/users\/1"}],"replies":[{"embeddable":true,"href":"https:\/\/www.bme-bergmann.de\/de\/wp-json\/wp\/v2\/comments?post=8182"}],"version-history":[{"count":0,"href":"https:\/\/www.bme-bergmann.de\/de\/wp-json\/wp\/v2\/pages\/8182\/revisions"}],"wp:attachment":[{"href":"https:\/\/www.bme-bergmann.de\/de\/wp-json\/wp\/v2\/media?parent=8182"}],"curies":[{"name":"wp","href":"https:\/\/api.w.org\/{rel}","templated":true}]}}